{"id":1591,"date":"2022-11-17T02:12:42","date_gmt":"2022-11-17T01:12:42","guid":{"rendered":"https:\/\/www.fidutrust.ch\/experts\/gaston-baudet\/"},"modified":"2023-07-13T16:13:14","modified_gmt":"2023-07-13T14:13:14","slug":"gaston-baudet","status":"publish","type":"page","link":"https:\/\/www.fidutrust.ch\/en\/experts\/gaston-baudet\/","title":{"rendered":"Gaston Baudet"},"content":{"rendered":"<p>[et_pb_section fb_built=&#8221;1&#8243; custom_padding_last_edited=&#8221;on|phone&#8221; _builder_version=&#8221;4.19.4&#8243; _module_preset=&#8221;default&#8221; custom_padding=&#8221;||||false|false&#8221; custom_padding_tablet=&#8221;||||false|false&#8221; custom_padding_phone=&#8221;||0px||false|false&#8221; locked=&#8221;off&#8221; global_colors_info=&#8221;{}&#8221;][et_pb_row column_structure=&#8221;1_2,1_2&#8243; _builder_version=&#8221;4.19.0&#8243; _module_preset=&#8221;default&#8221; global_colors_info=&#8221;{}&#8221;][et_pb_column type=&#8221;1_2&#8243; _builder_version=&#8221;4.19.0&#8243; _module_preset=&#8221;default&#8221; global_colors_info=&#8221;{}&#8221;][et_pb_divider divider_weight=&#8221;2px&#8221; _builder_version=&#8221;4.19.4&#8243; _module_preset=&#8221;default&#8221; width=&#8221;20%&#8221; width_tablet=&#8221;20%&#8221; width_phone=&#8221;10%&#8221; width_last_edited=&#8221;on|phone&#8221; custom_margin=&#8221;||20px||false|false&#8221; custom_padding=&#8221;||||false|false&#8221; global_colors_info=&#8221;{}&#8221;][\/et_pb_divider][et_pb_text _builder_version=&#8221;4.20.2&#8243; _dynamic_attributes=&#8221;content&#8221; _module_preset=&#8221;default&#8221; header_2_font=&#8221;Playfair Display||||||||&#8221; header_2_text_color=&#8221;gcid-f1db8d13-bf6b-4191-9254-c793e5a9dc87&#8243; header_2_font_size=&#8221;50px&#8221; custom_margin=&#8221;||20px||false|false&#8221; custom_margin_tablet=&#8221;||20px||false|false&#8221; custom_margin_phone=&#8221;||0px||false|false&#8221; custom_margin_last_edited=&#8221;on|phone&#8221; animation_style=&#8221;slide&#8221; animation_direction=&#8221;bottom&#8221; animation_duration=&#8221;750ms&#8221; hover_enabled=&#8221;0&#8243; locked=&#8221;off&#8221; global_colors_info=&#8221;{%22gcid-f1db8d13-bf6b-4191-9254-c793e5a9dc87%22:%91%22header_2_text_color%22%93}&#8221; sticky_enabled=&#8221;0&#8243;]@ET-DC@eyJkeW5hbWljIjp0cnVlLCJjb250ZW50IjoicG9zdF90aXRsZSIsInNldHRpbmdzIjp7ImJlZm9yZSI6IjxoMj4iLCJhZnRlciI6IjwvaDI+In19@[\/et_pb_text][\/et_pb_column][et_pb_column type=&#8221;1_2&#8243; _builder_version=&#8221;4.19.0&#8243; _module_preset=&#8221;default&#8221; global_colors_info=&#8221;{}&#8221;][et_pb_divider color=&#8221;RGBA(255,255,255,0)&#8221; divider_weight=&#8221;2px&#8221; disabled_on=&#8221;on|off|off&#8221; _builder_version=&#8221;4.19.4&#8243; _module_preset=&#8221;default&#8221; width=&#8221;15%&#8221; custom_margin=&#8221;||||false|false&#8221; custom_padding=&#8221;||20px||false|false&#8221; global_colors_info=&#8221;{}&#8221;][\/et_pb_divider][et_pb_text _builder_version=&#8221;4.20.2&#8243; _module_preset=&#8221;default&#8221; text_text_color=&#8221;gcid-652588f0-05d2-4115-a097-bfa4fb94b905&#8243; text_font_size=&#8221;18px&#8221; custom_margin=&#8221;||10px||false|false&#8221; custom_padding=&#8221;||||false|false&#8221; locked=&#8221;off&#8221; global_colors_info=&#8221;{%22gcid-652588f0-05d2-4115-a097-bfa4fb94b905%22:%91%22text_text_color%22%93}&#8221;]<\/p>\n<p>Member of the Board of Directors<\/p>\n<p>[\/et_pb_text][et_pb_text _builder_version=&#8221;4.20.2&#8243; _module_preset=&#8221;default&#8221; text_text_color=&#8221;gcid-f1db8d13-bf6b-4191-9254-c793e5a9dc87&#8243; text_font_size=&#8221;18px&#8221; custom_margin=&#8221;||50px||false|false&#8221; custom_margin_tablet=&#8221;||50px||false|false&#8221; custom_margin_phone=&#8221;||0px||false|false&#8221; custom_margin_last_edited=&#8221;on|phone&#8221; locked=&#8221;off&#8221; global_colors_info=&#8221;{%22gcid-f1db8d13-bf6b-4191-9254-c793e5a9dc87%22:%91%22text_text_color%22%93}&#8221;]<\/p>\n<p>Tax expert and Swiss Certified Accountant, Advanced Federal Diploma of Higher Education<\/p>\n<p>[\/et_pb_text][\/et_pb_column][\/et_pb_row][et_pb_row column_structure=&#8221;1_2,1_2&#8243; make_equal=&#8221;on&#8221; custom_padding_last_edited=&#8221;on|phone&#8221; module_class=&#8221;reverse&#8221; _builder_version=&#8221;4.19.4&#8243; _module_preset=&#8221;default&#8221; custom_margin=&#8221;||||false|false&#8221; custom_padding_tablet=&#8221;&#8221; custom_padding_phone=&#8221;||0px||false|false&#8221; global_colors_info=&#8221;{}&#8221;][et_pb_column type=&#8221;1_2&#8243; _builder_version=&#8221;4.19.0&#8243; _module_preset=&#8221;default&#8221; global_colors_info=&#8221;{}&#8221;][et_pb_text _builder_version=&#8221;4.20.2&#8243; _module_preset=&#8221;default&#8221; text_text_color=&#8221;gcid-652588f0-05d2-4115-a097-bfa4fb94b905&#8243; text_font_size=&#8221;21px&#8221; custom_margin=&#8221;||10px||false|false&#8221; custom_padding=&#8221;||||false|false&#8221; global_colors_info=&#8221;{%22gcid-652588f0-05d2-4115-a097-bfa4fb94b905%22:%91%22text_text_color%22%93}&#8221;]<\/p>\n<p>Responsibilities<\/p>\n<p>[\/et_pb_text][et_pb_text content_tablet=&#8221;<\/p>\n<p style=%22padding-left: 40px;%22>Gaston Baudet, fondateur de Fidutrust, apporte son expertise dans le domaine \u00e9conomique et fiscal \u00e0 une large vari\u00e9t\u00e9 de clients : personnes physiques, ind\u00e9pendants, PME, grandes entreprises, aussi bien au niveau national qu\u2019international. Il intervient dans de nombreuses activit\u00e9s li\u00e9es \u00e0 la vie d\u2019une entreprise : prise en charge et conseils pour tous les aspects fiscaux, cr\u00e9ation, modification de structure, rachat, fusion ou liquidation. Il assume \u00e9galement des mandats d\u2019administrateur dans des soci\u00e9t\u00e9s tant nationales qu\u2019internationales.<\/p>\n<p>&#8221; content_phone=&#8221;<\/p>\n<p style=%22padding-left: 30px;%22>Gaston Baudet, fondateur de Fidutrust, apporte son expertise dans le domaine \u00e9conomique et fiscal \u00e0 une large vari\u00e9t\u00e9 de clients : personnes physiques, ind\u00e9pendants, PME, grandes entreprises, aussi bien au niveau national qu\u2019international. Il intervient dans de nombreuses activit\u00e9s li\u00e9es \u00e0 la vie d\u2019une entreprise : prise en charge et conseils pour tous les aspects fiscaux, cr\u00e9ation, modification de structure, rachat, fusion ou liquidation. Il assume \u00e9galement des mandats d\u2019administrateur dans des soci\u00e9t\u00e9s tant nationales qu\u2019internationales.<\/p>\n<p>&#8221; content_last_edited=&#8221;off|desktop&#8221; _builder_version=&#8221;4.20.2&#8243; _module_preset=&#8221;default&#8221; text_font=&#8221;||||||||&#8221; text_text_color=&#8221;gcid-f1db8d13-bf6b-4191-9254-c793e5a9dc87&#8243; text_font_size=&#8221;21px&#8221; text_line_height=&#8221;1.8em&#8221; width=&#8221;90%&#8221; custom_margin=&#8221;||100px||false|false&#8221; custom_margin_tablet=&#8221;||100px||false|false&#8221; custom_margin_phone=&#8221;||60px||false|false&#8221; custom_margin_last_edited=&#8221;on|phone&#8221; custom_padding=&#8221;0px||0px||false|false&#8221; animation_style=&#8221;slide&#8221; animation_direction=&#8221;bottom&#8221; animation_intensity_slide=&#8221;5%&#8221; border_width_left=&#8221;2px&#8221; border_color_left=&#8221;gcid-652588f0-05d2-4115-a097-bfa4fb94b905&#8243; global_colors_info=&#8221;{%22gcid-f1db8d13-bf6b-4191-9254-c793e5a9dc87%22:%91%22text_text_color%22%93,%22gcid-652588f0-05d2-4115-a097-bfa4fb94b905%22:%91%22border_color_left%22%93}&#8221;]<\/p>\n<p style=\"padding-left: 40px;\">Gaston Baudet is the founder of Fidutrust. His expertise in business and tax matters allows him to serve a multitude of clients on both a national and international scale, including individuals, self-employed persons, Small and Medium-Sized Enterprises (SMEs), and large companies. He accompanies clients through the various stages of a company\u2019s life cycle and advises them on taxes, incorporation, reorganisation, takeovers, mergers, and liquidation. In addition, Gaston Baudet serves as a board member of national and international companies.<\/p>\n<p>[\/et_pb_text][et_pb_text _builder_version=&#8221;4.20.2&#8243; _module_preset=&#8221;default&#8221; text_text_color=&#8221;gcid-652588f0-05d2-4115-a097-bfa4fb94b905&#8243; text_font_size=&#8221;21px&#8221; custom_margin=&#8221;||10px||false|false&#8221; custom_padding=&#8221;||||false|false&#8221; global_colors_info=&#8221;{%22gcid-652588f0-05d2-4115-a097-bfa4fb94b905%22:%91%22text_text_color%22%93}&#8221;]<\/p>\n<p>Languages<\/p>\n<p>[\/et_pb_text][et_pb_text _builder_version=&#8221;4.20.2&#8243; _module_preset=&#8221;default&#8221; text_font=&#8221;||||||||&#8221; text_text_color=&#8221;gcid-f1db8d13-bf6b-4191-9254-c793e5a9dc87&#8243; text_font_size=&#8221;21px&#8221; text_line_height=&#8221;1.8em&#8221; max_width=&#8221;1000px&#8221; custom_margin=&#8221;||100px||false|false&#8221; custom_margin_tablet=&#8221;||100px||false|false&#8221; custom_margin_phone=&#8221;||50px||false|false&#8221; custom_margin_last_edited=&#8221;on|phone&#8221; animation_style=&#8221;slide&#8221; animation_direction=&#8221;bottom&#8221; global_colors_info=&#8221;{%22gcid-f1db8d13-bf6b-4191-9254-c793e5a9dc87%22:%91%22text_text_color%22%93}&#8221;]<\/p>\n<p>French, English<\/p>\n<p>[\/et_pb_text][et_pb_text _builder_version=&#8221;4.19.0&#8243; _module_preset=&#8221;default&#8221; text_text_color=&#8221;gcid-652588f0-05d2-4115-a097-bfa4fb94b905&#8243; text_font_size=&#8221;21px&#8221; custom_margin=&#8221;||10px||false|false&#8221; custom_padding=&#8221;||||false|false&#8221; global_colors_info=&#8221;{%22gcid-652588f0-05d2-4115-a097-bfa4fb94b905%22:%91%22text_text_color%22%93}&#8221;]<\/p>\n<p>Contact<\/p>\n<p>[\/et_pb_text][et_pb_text _builder_version=&#8221;4.19.4&#8243; _module_preset=&#8221;default&#8221; text_font=&#8221;||||||||&#8221; text_text_color=&#8221;gcid-f1db8d13-bf6b-4191-9254-c793e5a9dc87&#8243; text_font_size=&#8221;21px&#8221; text_line_height=&#8221;1.8em&#8221; link_text_color=&#8221;gcid-f1db8d13-bf6b-4191-9254-c793e5a9dc87&#8243; custom_margin=&#8221;||20px||false|false&#8221; animation_style=&#8221;slide&#8221; animation_direction=&#8221;bottom&#8221; global_colors_info=&#8221;{%22gcid-f1db8d13-bf6b-4191-9254-c793e5a9dc87%22:%91%22text_text_color%22,%22link_text_color%22%93,%22gcid-652588f0-05d2-4115-a097-bfa4fb94b905%22:%91%22link_text_color__hover%22%93}&#8221; link_text_color__hover_enabled=&#8221;on|hover&#8221; link_text_color__hover=&#8221;#942738&#8243;]<\/p>\n<p><a href=\"mailto:gaston.baudet@fidutrust.ch\">gaston.baudet@fidutrust.ch<\/a><\/p>\n<p>[\/et_pb_text][et_pb_social_media_follow _builder_version=&#8221;4.20.2&#8243; _module_preset=&#8221;default&#8221; global_colors_info=&#8221;{}&#8221;][et_pb_social_media_follow_network social_network=&#8221;linkedin&#8221; url=&#8221;https:\/\/www.linkedin.com\/in\/gaston-baudet-15a0306\/&#8221; _builder_version=&#8221;4.20.2&#8243; _module_preset=&#8221;default&#8221; background_color=&#8221;gcid-f1db8d13-bf6b-4191-9254-c793e5a9dc87&#8243; background_enable_color=&#8221;on&#8221; border_radii=&#8221;on|417px|417px|417px|417px&#8221; global_colors_info=&#8221;{%22gcid-f1db8d13-bf6b-4191-9254-c793e5a9dc87%22:%91%22background_color%22%93}&#8221; background__hover_enabled=&#8221;on|hover&#8221; background_color__hover=&#8221;#007bb6&#8243; background_enable_color__hover=&#8221;on&#8221; follow_button=&#8221;off&#8221; url_new_window=&#8221;on&#8221;]linkedin[\/et_pb_social_media_follow_network][\/et_pb_social_media_follow][\/et_pb_column][et_pb_column type=&#8221;1_2&#8243; _builder_version=&#8221;4.19.0&#8243; _module_preset=&#8221;default&#8221; global_colors_info=&#8221;{}&#8221;][et_pb_image title_text=&#8221;gaston_baudet_portrait&#8221; _builder_version=&#8221;4.19.4&#8243; _module_preset=&#8221;default&#8221; background_image=&#8221;https:\/\/www.fidutrust.ch\/wp-content\/uploads\/2022\/11\/gaston_baudet_portrait.jpg&#8221; custom_margin_tablet=&#8221;&#8221; custom_margin_phone=&#8221;||50px||false|false&#8221; custom_margin_last_edited=&#8221;on|phone&#8221; custom_css_main_element=&#8221;height: 1000px;&#8221; global_colors_info=&#8221;{}&#8221; custom_css_main_element_last_edited=&#8221;on|phone&#8221; custom_css_main_element_phone=&#8221;height: 500px;||&#8221; custom_css_main_element_tablet=&#8221;height: 1000px;&#8221;][\/et_pb_image][\/et_pb_column][\/et_pb_row][\/et_pb_section][et_pb_section fb_built=&#8221;1&#8243; custom_padding_last_edited=&#8221;on|phone&#8221; _builder_version=&#8221;4.19.4&#8243; _module_preset=&#8221;default&#8221; custom_padding=&#8221;0px||100px||false|false&#8221; custom_padding_tablet=&#8221;0px||100px||false|false&#8221; custom_padding_phone=&#8221;0px||50px||false|false&#8221; locked=&#8221;off&#8221; global_colors_info=&#8221;{}&#8221;][et_pb_row _builder_version=&#8221;4.19.4&#8243; _module_preset=&#8221;default&#8221; global_colors_info=&#8221;{}&#8221;][et_pb_column type=&#8221;4_4&#8243; _builder_version=&#8221;4.18.0&#8243; _module_preset=&#8221;default&#8221; global_colors_info=&#8221;{}&#8221;][et_pb_button button_url=&#8221;@ET-DC@eyJkeW5hbWljIjp0cnVlLCJjb250ZW50IjoicG9zdF9saW5rX3VybF9wYWdlIiwic2V0dGluZ3MiOnsicG9zdF9pZCI6IjM2NiJ9fQ==@&#8221; button_text=&#8221;The whole organisation&#8221; button_alignment=&#8221;left&#8221; _builder_version=&#8221;4.20.2&#8243; _dynamic_attributes=&#8221;button_url&#8221; _module_preset=&#8221;default&#8221; custom_button=&#8221;on&#8221; button_text_size=&#8221;16px&#8221; button_border_width=&#8221;0px&#8221; button_border_radius=&#8221;0px&#8221; button_icon=&#8221;&#x23;||divi||400&#8243; button_icon_placement=&#8221;left&#8221; button_on_hover=&#8221;off&#8221; custom_padding=&#8221;20px|0px||0px|false|false&#8221; animation_style=&#8221;slide&#8221; animation_direction=&#8221;bottom&#8221; global_colors_info=&#8221;{%22gcid-f1db8d13-bf6b-4191-9254-c793e5a9dc87%22:%91%22button_text_color__hover%22%93}&#8221; button_text_color__hover_enabled=&#8221;on|hover&#8221; button_text_color__hover=&#8221;#757575&#8243; button_bg_color__hover_enabled=&#8221;on|desktop&#8221; button_bg_color__hover=&#8221;RGBA(255,255,255,0)&#8221; button_bg_enable_color__hover=&#8221;on&#8221;][\/et_pb_button][\/et_pb_column][\/et_pb_row][\/et_pb_section]<\/p>\n","protected":false},"excerpt":{"rendered":"<p>Member of the Board of DirectorsTax expert and Swiss Certified Accountant, Advanced Federal Diploma of Higher EducationResponsibilitiesGaston Baudet is the founder of Fidutrust. His expertise in business and tax matters allows him to serve a multitude of clients on both a national and international scale, including individuals, self-employed persons, Small and Medium-Sized Enterprises (SMEs), and [&hellip;]<\/p>\n","protected":false},"author":1,"featured_media":0,"parent":1288,"menu_order":0,"comment_status":"closed","ping_status":"closed","template":"","meta":{"_et_pb_use_builder":"on","_et_pb_old_content":"","_et_gb_content_width":"","inline_featured_image":false,"footnotes":""},"class_list":["post-1591","page","type-page","status-publish","hentry"],"jetpack_sharing_enabled":true,"_links":{"self":[{"href":"https:\/\/www.fidutrust.ch\/en\/wp-json\/wp\/v2\/pages\/1591","targetHints":{"allow":["GET"]}}],"collection":[{"href":"https:\/\/www.fidutrust.ch\/en\/wp-json\/wp\/v2\/pages"}],"about":[{"href":"https:\/\/www.fidutrust.ch\/en\/wp-json\/wp\/v2\/types\/page"}],"author":[{"embeddable":true,"href":"https:\/\/www.fidutrust.ch\/en\/wp-json\/wp\/v2\/users\/1"}],"replies":[{"embeddable":true,"href":"https:\/\/www.fidutrust.ch\/en\/wp-json\/wp\/v2\/comments?post=1591"}],"version-history":[{"count":6,"href":"https:\/\/www.fidutrust.ch\/en\/wp-json\/wp\/v2\/pages\/1591\/revisions"}],"predecessor-version":[{"id":1684,"href":"https:\/\/www.fidutrust.ch\/en\/wp-json\/wp\/v2\/pages\/1591\/revisions\/1684"}],"up":[{"embeddable":true,"href":"https:\/\/www.fidutrust.ch\/en\/wp-json\/wp\/v2\/pages\/1288"}],"wp:attachment":[{"href":"https:\/\/www.fidutrust.ch\/en\/wp-json\/wp\/v2\/media?parent=1591"}],"curies":[{"name":"wp","href":"https:\/\/api.w.org\/{rel}","templated":true}]}}