{"id":1572,"date":"2023-04-03T14:08:38","date_gmt":"2023-04-03T12:08:38","guid":{"rendered":"https:\/\/www.fidutrust.ch\/experts\/romuald-bulliard\/"},"modified":"2025-12-29T16:22:25","modified_gmt":"2025-12-29T15:22:25","slug":"romuald-bulliard","status":"publish","type":"page","link":"https:\/\/www.fidutrust.ch\/de\/experts\/romuald-bulliard\/","title":{"rendered":"Romuald Bulliard"},"content":{"rendered":"<p>[et_pb_section fb_built=&#8220;1&#8243; custom_padding_last_edited=&#8220;on|phone&#8220; _builder_version=&#8220;4.19.4&#8243; _module_preset=&#8220;default&#8220; custom_padding=&#8220;||||false|false&#8220; custom_padding_tablet=&#8220;||||false|false&#8220; custom_padding_phone=&#8220;||0px||false|false&#8220; locked=&#8220;off&#8220; global_colors_info=&#8220;{}&#8220;][et_pb_row column_structure=&#8220;1_2,1_2&#8243; _builder_version=&#8220;4.19.0&#8243; _module_preset=&#8220;default&#8220; global_colors_info=&#8220;{}&#8220;][et_pb_column type=&#8220;1_2&#8243; _builder_version=&#8220;4.19.0&#8243; _module_preset=&#8220;default&#8220; global_colors_info=&#8220;{}&#8220;][et_pb_divider divider_weight=&#8220;2px&#8220; _builder_version=&#8220;4.19.4&#8243; _module_preset=&#8220;default&#8220; width=&#8220;20%&#8220; width_tablet=&#8220;20%&#8220; width_phone=&#8220;10%&#8220; width_last_edited=&#8220;on|phone&#8220; custom_margin=&#8220;||20px||false|false&#8220; custom_padding=&#8220;||||false|false&#8220; global_colors_info=&#8220;{}&#8220;][\/et_pb_divider][et_pb_text _builder_version=&#8220;4.19.4&#8243; _dynamic_attributes=&#8220;content&#8220; _module_preset=&#8220;default&#8220; header_2_font=&#8220;Playfair Display||||||||&#8220; header_2_text_color=&#8220;gcid-f1db8d13-bf6b-4191-9254-c793e5a9dc87&#8243; header_2_font_size=&#8220;50px&#8220; custom_margin=&#8220;||20px||false|false&#8220; custom_margin_tablet=&#8220;||20px||false|false&#8220; custom_margin_phone=&#8220;||0px||false|false&#8220; custom_margin_last_edited=&#8220;on|phone&#8220; animation_style=&#8220;slide&#8220; animation_direction=&#8220;bottom&#8220; animation_duration=&#8220;750ms&#8220; locked=&#8220;off&#8220; global_colors_info=&#8220;{%22gcid-f1db8d13-bf6b-4191-9254-c793e5a9dc87%22:%91%22header_2_text_color%22,%22header_2_text_color%22%93}&#8220;]@ET-DC@eyJkeW5hbWljIjp0cnVlLCJjb250ZW50IjoicG9zdF90aXRsZSIsInNldHRpbmdzIjp7ImJlZm9yZSI6IjxoMj4iLCJhZnRlciI6IjwvaDI+In19@[\/et_pb_text][\/et_pb_column][et_pb_column type=&#8220;1_2&#8243; _builder_version=&#8220;4.19.0&#8243; _module_preset=&#8220;default&#8220; global_colors_info=&#8220;{}&#8220;][et_pb_divider color=&#8220;RGBA(255,255,255,0)&#8220; divider_weight=&#8220;2px&#8220; disabled_on=&#8220;on|off|off&#8220; _builder_version=&#8220;4.19.4&#8243; _module_preset=&#8220;default&#8220; width=&#8220;15%&#8220; custom_margin=&#8220;||||false|false&#8220; custom_padding=&#8220;||20px||false|false&#8220; global_colors_info=&#8220;{}&#8220;][\/et_pb_divider][et_pb_text _builder_version=&#8220;4.20.2&#8243; _module_preset=&#8220;default&#8220; text_text_color=&#8220;gcid-652588f0-05d2-4115-a097-bfa4fb94b905&#8243; text_font_size=&#8220;18px&#8220; custom_margin=&#8220;||10px||false|false&#8220; custom_padding=&#8220;||||false|false&#8220; locked=&#8220;off&#8220; global_colors_info=&#8220;{%22gcid-652588f0-05d2-4115-a097-bfa4fb94b905%22:%91%22text_text_color%22%93}&#8220;]<\/p>\n<p><span>Vizedirektor<\/span><\/p>\n<p>[\/et_pb_text][et_pb_text _builder_version=&#8220;4.20.2&#8243; _module_preset=&#8220;default&#8220; text_text_color=&#8220;gcid-f1db8d13-bf6b-4191-9254-c793e5a9dc87&#8243; text_font_size=&#8220;18px&#8220; custom_margin=&#8220;||50px||false|false&#8220; custom_margin_tablet=&#8220;||50px||false|false&#8220; custom_margin_phone=&#8220;||0px||false|false&#8220; custom_margin_last_edited=&#8220;on|phone&#8220; locked=&#8220;off&#8220; global_colors_info=&#8220;{%22gcid-f1db8d13-bf6b-4191-9254-c793e5a9dc87%22:%91%22text_text_color%22%93}&#8220;]<\/p>\n<p><span>Diplomierter Treuhandexperte<\/span><\/p>\n<p>[\/et_pb_text][\/et_pb_column][\/et_pb_row][et_pb_row column_structure=&#8220;1_2,1_2&#8243; make_equal=&#8220;on&#8220; custom_padding_last_edited=&#8220;on|phone&#8220; module_class=&#8220;reverse&#8220; _builder_version=&#8220;4.19.4&#8243; _module_preset=&#8220;default&#8220; custom_margin=&#8220;||||false|false&#8220; custom_padding_tablet=&#8220;&#8220; custom_padding_phone=&#8220;||0px||false|false&#8220; global_colors_info=&#8220;{}&#8220;][et_pb_column type=&#8220;1_2&#8243; _builder_version=&#8220;4.19.0&#8243; _module_preset=&#8220;default&#8220; global_colors_info=&#8220;{}&#8220;][et_pb_text _builder_version=&#8220;4.20.2&#8243; _module_preset=&#8220;default&#8220; text_text_color=&#8220;gcid-652588f0-05d2-4115-a097-bfa4fb94b905&#8243; text_font_size=&#8220;21px&#8220; custom_margin=&#8220;||10px||false|false&#8220; custom_padding=&#8220;||||false|false&#8220; global_colors_info=&#8220;{%22gcid-652588f0-05d2-4115-a097-bfa4fb94b905%22:%91%22text_text_color%22%93}&#8220;]<\/p>\n<p>T\u00e4tigkeitsbereiche<\/p>\n<p>[\/et_pb_text][et_pb_text content_tablet=&#8220;<\/p>\n<p style=%22padding-left: 40px;%22>Gaston Baudet, fondateur de Fidutrust, apporte son expertise dans le domaine \u00e9conomique et fiscal \u00e0 une large vari\u00e9t\u00e9 de clients : personnes physiques, ind\u00e9pendants, PME, grandes entreprises, aussi bien au niveau national qu\u2019international. Il intervient dans de nombreuses activit\u00e9s li\u00e9es \u00e0 la vie d\u2019une entreprise : prise en charge et conseils pour tous les aspects fiscaux, cr\u00e9ation, modification de structure, rachat, fusion ou liquidation. Il assume \u00e9galement des mandats d\u2019administrateur dans des soci\u00e9t\u00e9s tant nationales qu\u2019internationales.<\/p>\n<p>&#8220; content_phone=&#8220;<\/p>\n<p style=%22padding-left: 30px;%22>Gaston Baudet, fondateur de Fidutrust, apporte son expertise dans le domaine \u00e9conomique et fiscal \u00e0 une large vari\u00e9t\u00e9 de clients : personnes physiques, ind\u00e9pendants, PME, grandes entreprises, aussi bien au niveau national qu\u2019international. Il intervient dans de nombreuses activit\u00e9s li\u00e9es \u00e0 la vie d\u2019une entreprise : prise en charge et conseils pour tous les aspects fiscaux, cr\u00e9ation, modification de structure, rachat, fusion ou liquidation. Il assume \u00e9galement des mandats d\u2019administrateur dans des soci\u00e9t\u00e9s tant nationales qu\u2019internationales.<\/p>\n<p>&#8220; content_last_edited=&#8220;off|desktop&#8220; _builder_version=&#8220;4.20.2&#8243; _module_preset=&#8220;default&#8220; text_font=&#8220;||||||||&#8220; text_text_color=&#8220;gcid-f1db8d13-bf6b-4191-9254-c793e5a9dc87&#8243; text_font_size=&#8220;21px&#8220; text_line_height=&#8220;1.8em&#8220; width=&#8220;90%&#8220; custom_margin=&#8220;||100px||false|false&#8220; custom_margin_tablet=&#8220;||100px||false|false&#8220; custom_margin_phone=&#8220;||60px||false|false&#8220; custom_margin_last_edited=&#8220;on|phone&#8220; custom_padding=&#8220;0px||0px||false|false&#8220; animation_style=&#8220;slide&#8220; animation_direction=&#8220;bottom&#8220; animation_intensity_slide=&#8220;5%&#8220; hover_enabled=&#8220;0&#8243; border_width_left=&#8220;2px&#8220; border_color_left=&#8220;gcid-652588f0-05d2-4115-a097-bfa4fb94b905&#8243; global_colors_info=&#8220;{%22gcid-f1db8d13-bf6b-4191-9254-c793e5a9dc87%22:%91%22text_text_color%22%93,%22gcid-652588f0-05d2-4115-a097-bfa4fb94b905%22:%91%22border_color_left%22%93}&#8220; sticky_enabled=&#8220;0&#8243;]<\/p>\n<p style=\"padding-left: 40px;\">Romuald Bulliard ist Vizedirektor von Fidutrust und bringt seine Erfahrung bei einer Vielzahl nationaler und internationaler Kunden ein \u2013 von nat\u00fcrlichen Personen bis zu Grossunternehmen. Dabei ist er f\u00fcr eine Reihe von T\u00e4tigkeiten im Zusammenhang mit der Buchhaltung der einzelnen Kunden zust\u00e4ndig.<\/p>\n<p>[\/et_pb_text][et_pb_text _builder_version=&#8220;4.20.2&#8243; _module_preset=&#8220;default&#8220; text_text_color=&#8220;gcid-652588f0-05d2-4115-a097-bfa4fb94b905&#8243; text_font_size=&#8220;21px&#8220; custom_margin=&#8220;||10px||false|false&#8220; custom_padding=&#8220;||||false|false&#8220; global_colors_info=&#8220;{%22gcid-652588f0-05d2-4115-a097-bfa4fb94b905%22:%91%22text_text_color%22%93}&#8220;]<\/p>\n<p>Sprachen<\/p>\n<p>[\/et_pb_text][et_pb_text _builder_version=&#8220;4.20.2&#8243; _module_preset=&#8220;default&#8220; text_font=&#8220;||||||||&#8220; text_text_color=&#8220;gcid-f1db8d13-bf6b-4191-9254-c793e5a9dc87&#8243; text_font_size=&#8220;21px&#8220; text_line_height=&#8220;1.8em&#8220; max_width=&#8220;1000px&#8220; custom_margin=&#8220;||100px||false|false&#8220; custom_margin_tablet=&#8220;||100px||false|false&#8220; custom_margin_phone=&#8220;||50px||false|false&#8220; custom_margin_last_edited=&#8220;on|phone&#8220; animation_style=&#8220;slide&#8220; animation_direction=&#8220;bottom&#8220; global_colors_info=&#8220;{%22gcid-f1db8d13-bf6b-4191-9254-c793e5a9dc87%22:%91%22text_text_color%22%93}&#8220;]<\/p>\n<p>Franz\u00f6sisch, Englisch<\/p>\n<p>[\/et_pb_text][et_pb_text _builder_version=&#8220;4.20.2&#8243; _module_preset=&#8220;default&#8220; text_text_color=&#8220;gcid-652588f0-05d2-4115-a097-bfa4fb94b905&#8243; text_font_size=&#8220;21px&#8220; custom_margin=&#8220;||10px||false|false&#8220; custom_padding=&#8220;||||false|false&#8220; global_colors_info=&#8220;{%22gcid-652588f0-05d2-4115-a097-bfa4fb94b905%22:%91%22text_text_color%22%93}&#8220;]<\/p>\n<p>Kontakt<\/p>\n<p>[\/et_pb_text][et_pb_text _builder_version=&#8220;4.20.2&#8243; _module_preset=&#8220;default&#8220; text_font=&#8220;||||||||&#8220; text_text_color=&#8220;gcid-f1db8d13-bf6b-4191-9254-c793e5a9dc87&#8243; text_font_size=&#8220;21px&#8220; text_line_height=&#8220;1.8em&#8220; link_text_color=&#8220;gcid-f1db8d13-bf6b-4191-9254-c793e5a9dc87&#8243; custom_margin=&#8220;||20px||false|false&#8220; animation_style=&#8220;slide&#8220; animation_direction=&#8220;bottom&#8220; global_colors_info=&#8220;{%22gcid-f1db8d13-bf6b-4191-9254-c793e5a9dc87%22:%91%22text_text_color%22,%22link_text_color%22%93,%22gcid-652588f0-05d2-4115-a097-bfa4fb94b905%22:%91%22link_text_color__hover%22%93}&#8220; link_text_color__hover_enabled=&#8220;on|hover&#8220; link_text_color__hover=&#8220;#942738&#8243;]<\/p>\n<p><a href=\"mailto:romuald.bulliard@fidutrust.ch\">romuald.bulliard@fidutrust.ch<\/a><\/p>\n<p>[\/et_pb_text][et_pb_social_media_follow _builder_version=&#8220;4.20.2&#8243; _module_preset=&#8220;default&#8220; global_colors_info=&#8220;{}&#8220;][et_pb_social_media_follow_network social_network=&#8220;linkedin&#8220; url=&#8220;https:\/\/www.linkedin.com\/in\/romuald-bulliard-156390131\/&#8220; _builder_version=&#8220;4.20.2&#8243; _module_preset=&#8220;default&#8220; background_color=&#8220;gcid-f1db8d13-bf6b-4191-9254-c793e5a9dc87&#8243; background_enable_color=&#8220;on&#8220; border_radii=&#8220;on|417px|417px|417px|417px&#8220; global_colors_info=&#8220;{%22gcid-f1db8d13-bf6b-4191-9254-c793e5a9dc87%22:%91%22background_color%22%93}&#8220; background__hover_enabled=&#8220;on|hover&#8220; background_color__hover=&#8220;#007bb6&#8243; background_enable_color__hover=&#8220;on&#8220; follow_button=&#8220;off&#8220; url_new_window=&#8220;on&#8220;]linkedin[\/et_pb_social_media_follow_network][\/et_pb_social_media_follow][\/et_pb_column][et_pb_column type=&#8220;1_2&#8243; _builder_version=&#8220;4.19.0&#8243; _module_preset=&#8220;default&#8220; global_colors_info=&#8220;{}&#8220;][et_pb_image title_text=&#8220;romuald_bulliard_portrait&#8220; _builder_version=&#8220;4.20.2&#8243; _module_preset=&#8220;default&#8220; background_image=&#8220;https:\/\/www.fidutrust.ch\/wp-content\/uploads\/2023\/04\/romuald_bulliard_portrait.jpg&#8220; custom_margin_tablet=&#8220;&#8220; custom_margin_phone=&#8220;||50px||false|false&#8220; custom_margin_last_edited=&#8220;on|phone&#8220; custom_css_main_element=&#8220;height: 1000px;&#8220; global_colors_info=&#8220;{}&#8220; custom_css_main_element_last_edited=&#8220;on|phone&#8220; custom_css_main_element_phone=&#8220;height: 500px;||&#8220; custom_css_main_element_tablet=&#8220;height: 1000px;&#8220;][\/et_pb_image][\/et_pb_column][\/et_pb_row][\/et_pb_section][et_pb_section fb_built=&#8220;1&#8243; custom_padding_last_edited=&#8220;on|phone&#8220; _builder_version=&#8220;4.19.4&#8243; _module_preset=&#8220;default&#8220; custom_padding=&#8220;0px||100px||false|false&#8220; custom_padding_tablet=&#8220;0px||100px||false|false&#8220; custom_padding_phone=&#8220;0px||50px||false|false&#8220; locked=&#8220;off&#8220; global_colors_info=&#8220;{}&#8220;][et_pb_row _builder_version=&#8220;4.19.4&#8243; _module_preset=&#8220;default&#8220; global_colors_info=&#8220;{}&#8220;][et_pb_column type=&#8220;4_4&#8243; _builder_version=&#8220;4.18.0&#8243; _module_preset=&#8220;default&#8220; global_colors_info=&#8220;{}&#8220;][et_pb_button button_url=&#8220;@ET-DC@eyJkeW5hbWljIjp0cnVlLCJjb250ZW50IjoicG9zdF9saW5rX3VybF9wYWdlIiwic2V0dGluZ3MiOnsicG9zdF9pZCI6IjM2NiJ9fQ==@&#8220; button_text=&#8220;Die gesamte Organisation&#8220; button_alignment=&#8220;left&#8220; _builder_version=&#8220;4.20.2&#8243; _dynamic_attributes=&#8220;button_url&#8220; _module_preset=&#8220;default&#8220; custom_button=&#8220;on&#8220; button_text_size=&#8220;16px&#8220; button_border_width=&#8220;0px&#8220; button_border_radius=&#8220;0px&#8220; button_icon=&#8220;&#x23;||divi||400&#8243; button_icon_placement=&#8220;left&#8220; button_on_hover=&#8220;off&#8220; custom_padding=&#8220;20px|0px||0px|false|false&#8220; animation_style=&#8220;slide&#8220; animation_direction=&#8220;bottom&#8220; global_colors_info=&#8220;{%22gcid-f1db8d13-bf6b-4191-9254-c793e5a9dc87%22:%91%22button_text_color__hover%22%93}&#8220; button_text_color__hover_enabled=&#8220;on|hover&#8220; button_text_color__hover=&#8220;#757575&#8243; button_bg_color__hover_enabled=&#8220;on|desktop&#8220; button_bg_color__hover=&#8220;RGBA(255,255,255,0)&#8220; button_bg_enable_color__hover=&#8220;on&#8220;][\/et_pb_button][\/et_pb_column][\/et_pb_row][\/et_pb_section]<\/p>\n","protected":false},"excerpt":{"rendered":"<p>VizedirektorDiplomierter TreuhandexperteT\u00e4tigkeitsbereicheRomuald Bulliard ist Vizedirektor von Fidutrust und bringt seine Erfahrung bei einer Vielzahl nationaler und internationaler Kunden ein \u2013 von nat\u00fcrlichen Personen bis zu Grossunternehmen. Dabei ist er f\u00fcr eine Reihe von T\u00e4tigkeiten im Zusammenhang mit der Buchhaltung der einzelnen Kunden zust\u00e4ndig.SprachenFranz\u00f6sisch, EnglischKontaktromuald.bulliard@fidutrust.ch<\/p>\n","protected":false},"author":1,"featured_media":0,"parent":1284,"menu_order":0,"comment_status":"closed","ping_status":"closed","template":"","meta":{"_et_pb_use_builder":"on","_et_pb_old_content":"","_et_gb_content_width":"","inline_featured_image":false,"footnotes":""},"class_list":["post-1572","page","type-page","status-publish","hentry"],"jetpack_sharing_enabled":true,"_links":{"self":[{"href":"https:\/\/www.fidutrust.ch\/de\/wp-json\/wp\/v2\/pages\/1572","targetHints":{"allow":["GET"]}}],"collection":[{"href":"https:\/\/www.fidutrust.ch\/de\/wp-json\/wp\/v2\/pages"}],"about":[{"href":"https:\/\/www.fidutrust.ch\/de\/wp-json\/wp\/v2\/types\/page"}],"author":[{"embeddable":true,"href":"https:\/\/www.fidutrust.ch\/de\/wp-json\/wp\/v2\/users\/1"}],"replies":[{"embeddable":true,"href":"https:\/\/www.fidutrust.ch\/de\/wp-json\/wp\/v2\/comments?post=1572"}],"version-history":[{"count":7,"href":"https:\/\/www.fidutrust.ch\/de\/wp-json\/wp\/v2\/pages\/1572\/revisions"}],"predecessor-version":[{"id":2089,"href":"https:\/\/www.fidutrust.ch\/de\/wp-json\/wp\/v2\/pages\/1572\/revisions\/2089"}],"up":[{"embeddable":true,"href":"https:\/\/www.fidutrust.ch\/de\/wp-json\/wp\/v2\/pages\/1284"}],"wp:attachment":[{"href":"https:\/\/www.fidutrust.ch\/de\/wp-json\/wp\/v2\/media?parent=1572"}],"curies":[{"name":"wp","href":"https:\/\/api.w.org\/{rel}","templated":true}]}}