{"id":1053,"date":"2022-11-15T19:56:27","date_gmt":"2022-11-15T18:56:27","guid":{"rendered":"https:\/\/www.fidutrust.ch\/verwaltung-beratung\/"},"modified":"2024-06-18T12:24:14","modified_gmt":"2024-06-18T10:24:14","slug":"verwaltung-beratung","status":"publish","type":"page","link":"https:\/\/www.fidutrust.ch\/de\/verwaltung-beratung\/","title":{"rendered":"Verwaltung &amp; Beratung"},"content":{"rendered":"<p>[et_pb_section fb_built=&#8220;1&#8243; custom_padding_last_edited=&#8220;on|desktop&#8220; _builder_version=&#8220;4.19.0&#8243; _module_preset=&#8220;default&#8220; background_image=&#8220;https:\/\/www.fidutrust.ch\/wp-content\/uploads\/2022\/11\/fidutrust_collaborateur_01.jpg&#8220; custom_margin=&#8220;-105px||||false|false&#8220; custom_padding=&#8220;||||false|false&#8220; custom_padding_tablet=&#8220;||||false|false&#8220; custom_padding_phone=&#8220;||||false|false&#8220; custom_css_main_element=&#8220;min-height: 50vh;&#8220; global_colors_info=&#8220;{}&#8220;][et_pb_row make_equal=&#8220;on&#8220; disabled_on=&#8220;on|off|off&#8220; _builder_version=&#8220;4.19.4&#8243; _module_preset=&#8220;default&#8220; custom_margin=&#8220;||||false|false&#8220; custom_padding=&#8220;||||false|false&#8220; sticky_limit_top=&#8220;section&#8220; custom_css_main_element=&#8220;min-height: 35vh;&#8220; global_colors_info=&#8220;{}&#8220;][et_pb_column type=&#8220;4_4&#8243; _builder_version=&#8220;4.18.0&#8243; _module_preset=&#8220;default&#8220; global_colors_info=&#8220;{}&#8220;][et_pb_text _builder_version=&#8220;4.20.2&#8243; _dynamic_attributes=&#8220;content&#8220; _module_preset=&#8220;default&#8220; text_font=&#8220;Playfair Display||||||||&#8220; text_text_color=&#8220;#FFFFFF&#8220; text_font_size=&#8220;80px&#8220; header_font=&#8220;Playfair Display||||||||&#8220; header_text_color=&#8220;#FFFFFF&#8220; header_font_size=&#8220;80px&#8220; positioning=&#8220;absolute&#8220; position_origin_a=&#8220;bottom_center&#8220; position_origin_f=&#8220;center_center&#8220; text_orientation=&#8220;center&#8220; width=&#8220;100%&#8220; animation_style=&#8220;slide&#8220; animation_direction=&#8220;top&#8220; global_colors_info=&#8220;{}&#8220;]@ET-DC@eyJkeW5hbWljIjp0cnVlLCJjb250ZW50IjoicG9zdF90aXRsZSIsInNldHRpbmdzIjp7ImJlZm9yZSI6IiIsImFmdGVyIjoiIn19@[\/et_pb_text][\/et_pb_column][\/et_pb_row][\/et_pb_section][et_pb_section fb_built=&#8220;1&#8243; _builder_version=&#8220;4.19.0&#8243; _module_preset=&#8220;default&#8220; background_enable_color=&#8220;off&#8220; custom_padding=&#8220;||||false|false&#8220; global_colors_info=&#8220;{%22gcid-a60af49c-636b-45c1-9426-455a25d8b480%22:%91%22background_color%22%93}&#8220;][et_pb_row _builder_version=&#8220;4.19.0&#8243; _module_preset=&#8220;default&#8220; custom_margin=&#8220;||||false|false&#8220; custom_padding=&#8220;||100px||false|false&#8220; global_colors_info=&#8220;{}&#8220;][et_pb_column type=&#8220;4_4&#8243; _builder_version=&#8220;4.18.0&#8243; _module_preset=&#8220;default&#8220; global_colors_info=&#8220;{}&#8220;][et_pb_divider divider_weight=&#8220;2px&#8220; _builder_version=&#8220;4.19.0&#8243; _module_preset=&#8220;default&#8220; width=&#8220;10%&#8220; custom_margin=&#8220;||20px||false|false&#8220; custom_padding=&#8220;||||false|false&#8220; global_colors_info=&#8220;{}&#8220;][\/et_pb_divider][et_pb_text _builder_version=&#8220;4.20.2&#8243; _module_preset=&#8220;default&#8220; header_2_font=&#8220;Playfair Display||||||||&#8220; header_2_text_color=&#8220;gcid-f1db8d13-bf6b-4191-9254-c793e5a9dc87&#8243; header_2_font_size=&#8220;50px&#8220; custom_margin=&#8220;||20px||false|false&#8220; animation_style=&#8220;slide&#8220; animation_direction=&#8220;bottom&#8220; animation_duration=&#8220;750ms&#8220; global_colors_info=&#8220;{%22gcid-f1db8d13-bf6b-4191-9254-c793e5a9dc87%22:%91%22header_2_text_color%22%93}&#8220;]<\/p>\n<h2>Unternehmensberatung<\/h2>\n<p>[\/et_pb_text][et_pb_text _builder_version=&#8220;4.20.2&#8243; _module_preset=&#8220;default&#8220; text_font=&#8220;||||||||&#8220; text_text_color=&#8220;gcid-f1db8d13-bf6b-4191-9254-c793e5a9dc87&#8243; text_font_size=&#8220;21px&#8220; text_line_height=&#8220;1.8em&#8220; max_width=&#8220;1000px&#8220; animation_style=&#8220;slide&#8220; animation_direction=&#8220;bottom&#8220; global_colors_info=&#8220;{%22gcid-f1db8d13-bf6b-4191-9254-c793e5a9dc87%22:%91%22text_text_color%22%93}&#8220;]<\/p>\n<p>Mit unserer innovativen und leistungsstarken Beratung erleichtern wir Ihnen die Bew\u00e4ltigung der t\u00e4glichen Herausforderungen in Ihrem Unternehmen.<br \/>Mit Erfahrung und unserem Fachwissen erm\u00f6glichen wir Ihnen, die optimale L\u00f6sung f\u00fcr die Organisation Ihres Unternehmens und Ihrer Finanzabteilung zu finden.<br \/>Eine umfassende Beratung und die auf Ihre spezifischen Bed\u00fcrfnisse abgestimmten L\u00f6sungen erm\u00f6glichen es Ihnen, m\u00f6gliche Schwachstellen zu erkennen und zu beseitigen.<\/p>\n<p>[\/et_pb_text][\/et_pb_column][\/et_pb_row][et_pb_row _builder_version=&#8220;4.19.0&#8243; _module_preset=&#8220;default&#8220; custom_margin=&#8220;||||false|false&#8220; custom_padding=&#8220;||100px||false|false&#8220; global_colors_info=&#8220;{}&#8220;][et_pb_column type=&#8220;4_4&#8243; _builder_version=&#8220;4.18.0&#8243; _module_preset=&#8220;default&#8220; global_colors_info=&#8220;{}&#8220;][et_pb_divider divider_weight=&#8220;2px&#8220; _builder_version=&#8220;4.19.0&#8243; _module_preset=&#8220;default&#8220; width=&#8220;10%&#8220; custom_margin=&#8220;||20px||false|false&#8220; custom_padding=&#8220;||||false|false&#8220; global_colors_info=&#8220;{}&#8220;][\/et_pb_divider][et_pb_text _builder_version=&#8220;4.20.2&#8243; _module_preset=&#8220;default&#8220; header_2_font=&#8220;Playfair Display||||||||&#8220; header_2_text_color=&#8220;gcid-f1db8d13-bf6b-4191-9254-c793e5a9dc87&#8243; header_2_font_size=&#8220;50px&#8220; custom_margin=&#8220;||20px||false|false&#8220; animation_style=&#8220;slide&#8220; animation_direction=&#8220;bottom&#8220; animation_duration=&#8220;750ms&#8220; global_colors_info=&#8220;{%22gcid-f1db8d13-bf6b-4191-9254-c793e5a9dc87%22:%91%22header_2_text_color%22%93}&#8220;]<\/p>\n<h2>Unternehmensbewertung<\/h2>\n<p>[\/et_pb_text][et_pb_text _builder_version=&#8220;4.20.2&#8243; _module_preset=&#8220;default&#8220; text_font=&#8220;||||||||&#8220; text_text_color=&#8220;gcid-f1db8d13-bf6b-4191-9254-c793e5a9dc87&#8243; text_font_size=&#8220;21px&#8220; text_line_height=&#8220;1.8em&#8220; max_width=&#8220;1000px&#8220; animation_style=&#8220;slide&#8220; animation_direction=&#8220;bottom&#8220; global_colors_info=&#8220;{%22gcid-f1db8d13-bf6b-4191-9254-c793e5a9dc87%22:%91%22text_text_color%22%93}&#8220;]<\/p>\n<p>Eine umfassende Analyse und Bewertung bieten eine solide Grundlage f\u00fcr strategische Schritte, sei es bei Kauf, Verkauf oder Umstrukturierung. Dank unserer Erfahrung und unserem Fachwissen erm\u00f6glichen wir Ihnen, fundierte Entscheidungen f\u00fcr die Zukunft des Unternehmens zu treffen.<\/p>\n<p>[\/et_pb_text][\/et_pb_column][\/et_pb_row][et_pb_row _builder_version=&#8220;4.19.0&#8243; _module_preset=&#8220;default&#8220; custom_margin=&#8220;||||false|false&#8220; custom_padding=&#8220;||100px||false|false&#8220; global_colors_info=&#8220;{}&#8220;][et_pb_column type=&#8220;4_4&#8243; _builder_version=&#8220;4.18.0&#8243; _module_preset=&#8220;default&#8220; global_colors_info=&#8220;{}&#8220;][et_pb_divider divider_weight=&#8220;2px&#8220; _builder_version=&#8220;4.19.0&#8243; _module_preset=&#8220;default&#8220; width=&#8220;10%&#8220; custom_margin=&#8220;||20px||false|false&#8220; custom_padding=&#8220;||||false|false&#8220; global_colors_info=&#8220;{}&#8220;][\/et_pb_divider][et_pb_text _builder_version=&#8220;4.20.2&#8243; _module_preset=&#8220;default&#8220; header_2_font=&#8220;Playfair Display||||||||&#8220; header_2_text_color=&#8220;gcid-f1db8d13-bf6b-4191-9254-c793e5a9dc87&#8243; header_2_font_size=&#8220;50px&#8220; custom_margin=&#8220;||20px||false|false&#8220; animation_style=&#8220;slide&#8220; animation_direction=&#8220;bottom&#8220; animation_duration=&#8220;750ms&#8220; global_colors_info=&#8220;{%22gcid-f1db8d13-bf6b-4191-9254-c793e5a9dc87%22:%91%22header_2_text_color%22,%22header_2_text_color%22%93}&#8220;]<\/p>\n<h2>Steuerberatung<\/h2>\n<p>[\/et_pb_text][et_pb_text _builder_version=&#8220;4.20.2&#8243; _module_preset=&#8220;default&#8220; text_font=&#8220;||||||||&#8220; text_text_color=&#8220;gcid-f1db8d13-bf6b-4191-9254-c793e5a9dc87&#8243; text_font_size=&#8220;21px&#8220; text_line_height=&#8220;1.8em&#8220; ul_line_height=&#8220;1.5em&#8220; max_width=&#8220;1000px&#8220; animation_style=&#8220;slide&#8220; animation_direction=&#8220;bottom&#8220; global_colors_info=&#8220;{%22gcid-f1db8d13-bf6b-4191-9254-c793e5a9dc87%22:%91%22text_text_color%22%93}&#8220;]<\/p>\n<p>Kaum eine unternehmerische Entscheidung ist ohne steuerliche Konsequenzen. Wir vertreten Sie und Ihre Interessen gegen\u00fcber den Steuerbeh\u00f6rden und \u00fcberwachen deren Bearbeitung Ihres Steuerdossiers. Dazu geh\u00f6rt auch eine Steuerplanung auf lange Sicht.<\/p>\n<p>Wir unterst\u00fctzen Sie vor allem bei folgenden Bereichen:<\/p>\n<ul>\n<li>Steuerberatung f\u00fcr Unternehmen und Privatpersonen<\/li>\n<li>Steuerliche Optimierung und Planung<\/li>\n<li>Erstellung von Steuererkl\u00e4rungen und Pr\u00fcfung der Steuerabrechnungen<\/li>\n<li>Vertretung Ihrer Interessen in Steuerverfahren<\/li>\n<li>Beratungen im Bereich der Mehrwertsteuer<\/li>\n<\/ul>\n<p>Wir beantworten Ihre Steuerfragen auf kantonaler, nationaler oder internationaler Ebene und zeigen Ihnen die steuerlichen Auswirkungen auf.<\/p>\n<p>[\/et_pb_text][\/et_pb_column][\/et_pb_row][et_pb_row _builder_version=&#8220;4.19.0&#8243; _module_preset=&#8220;default&#8220; custom_margin=&#8220;||||false|false&#8220; custom_padding=&#8220;||100px||false|false&#8220; global_colors_info=&#8220;{}&#8220;][et_pb_column type=&#8220;4_4&#8243; _builder_version=&#8220;4.18.0&#8243; _module_preset=&#8220;default&#8220; global_colors_info=&#8220;{}&#8220;][et_pb_divider divider_weight=&#8220;2px&#8220; _builder_version=&#8220;4.19.0&#8243; _module_preset=&#8220;default&#8220; width=&#8220;10%&#8220; custom_margin=&#8220;||20px||false|false&#8220; custom_padding=&#8220;||||false|false&#8220; global_colors_info=&#8220;{}&#8220;][\/et_pb_divider][et_pb_text _builder_version=&#8220;4.20.2&#8243; _module_preset=&#8220;default&#8220; header_2_font=&#8220;Playfair Display||||||||&#8220; header_2_text_color=&#8220;gcid-f1db8d13-bf6b-4191-9254-c793e5a9dc87&#8243; header_2_font_size=&#8220;50px&#8220; custom_margin=&#8220;||20px||false|false&#8220; animation_style=&#8220;slide&#8220; animation_direction=&#8220;bottom&#8220; animation_duration=&#8220;750ms&#8220; global_colors_info=&#8220;{%22gcid-f1db8d13-bf6b-4191-9254-c793e5a9dc87%22:%91%22header_2_text_color%22,%22header_2_text_color%22%93}&#8220;]<\/p>\n<h2>Buchhaltung<\/h2>\n<p>[\/et_pb_text][et_pb_text _builder_version=&#8220;4.20.2&#8243; _module_preset=&#8220;default&#8220; text_font=&#8220;||||||||&#8220; text_text_color=&#8220;gcid-f1db8d13-bf6b-4191-9254-c793e5a9dc87&#8243; text_font_size=&#8220;21px&#8220; text_line_height=&#8220;1.8em&#8220; ul_line_height=&#8220;1.5em&#8220; max_width=&#8220;1000px&#8220; animation_style=&#8220;slide&#8220; animation_direction=&#8220;bottom&#8220; global_colors_info=&#8220;{%22gcid-f1db8d13-bf6b-4191-9254-c793e5a9dc87%22:%91%22text_text_color%22%93}&#8220;]Wir k\u00fcmmern uns um das Outsourcing Ihrer Buchf\u00fchrung und unterst\u00fctzen Sie insbesondere bei folgenden Aufgaben:<\/p>\n<p>\n<ul>\n<li>Erfassung der Buchhaltung in verschiedenen Programmen (vor Ort oder per Fernzugriff)<\/li>\n<li>Zahlungswesen<\/li>\n<li>Wertschriftenbuchhaltung<\/li>\n<li>Erstellung von Jahresabschl\u00fcssen und Unterst\u00fctzung bei der Revision<\/li>\n<li>Erstellung von Reportings (monatlich, halbj\u00e4hrlich oder j\u00e4hrlich)<\/li>\n<li>Wir stellen Ihnen auch Fachpersonal f\u00fcr eine begrenzte Dauer zur Verf\u00fcgung (vor Ort oder per Fernzugriff)<\/li>\n<\/ul>\n<p>[\/et_pb_text][\/et_pb_column][\/et_pb_row][et_pb_row _builder_version=&#8220;4.19.0&#8243; _module_preset=&#8220;default&#8220; custom_margin=&#8220;||||false|false&#8220; custom_padding=&#8220;||100px||false|false&#8220; global_colors_info=&#8220;{}&#8220;][et_pb_column type=&#8220;4_4&#8243; _builder_version=&#8220;4.18.0&#8243; _module_preset=&#8220;default&#8220; global_colors_info=&#8220;{}&#8220;][et_pb_divider divider_weight=&#8220;2px&#8220; _builder_version=&#8220;4.19.0&#8243; _module_preset=&#8220;default&#8220; width=&#8220;10%&#8220; custom_margin=&#8220;||20px||false|false&#8220; custom_padding=&#8220;||||false|false&#8220; global_colors_info=&#8220;{}&#8220;][\/et_pb_divider][et_pb_text _builder_version=&#8220;4.20.2&#8243; _module_preset=&#8220;default&#8220; header_2_font=&#8220;Playfair Display||||||||&#8220; header_2_text_color=&#8220;gcid-f1db8d13-bf6b-4191-9254-c793e5a9dc87&#8243; header_2_font_size=&#8220;50px&#8220; custom_margin=&#8220;||20px||false|false&#8220; animation_style=&#8220;slide&#8220; animation_direction=&#8220;bottom&#8220; animation_duration=&#8220;750ms&#8220; global_colors_info=&#8220;{%22gcid-f1db8d13-bf6b-4191-9254-c793e5a9dc87%22:%91%22header_2_text_color%22,%22header_2_text_color%22%93}&#8220;]<\/p>\n<h2>Lohn- und Personalwesen<\/h2>\n<p>[\/et_pb_text][et_pb_text _builder_version=&#8220;4.20.2&#8243; _module_preset=&#8220;default&#8220; text_font=&#8220;||||||||&#8220; text_text_color=&#8220;gcid-f1db8d13-bf6b-4191-9254-c793e5a9dc87&#8243; text_font_size=&#8220;21px&#8220; text_line_height=&#8220;1.8em&#8220; ul_line_height=&#8220;1.5em&#8220; max_width=&#8220;1000px&#8220; animation_style=&#8220;slide&#8220; animation_direction=&#8220;bottom&#8220; global_colors_info=&#8220;{%22gcid-f1db8d13-bf6b-4191-9254-c793e5a9dc87%22:%91%22text_text_color%22%93}&#8220;]Im Bereich der Lohnbuchhaltung und des Personalwesens k\u00f6nnen wir folgende Aufgaben \u00fcbernehmen und Sie diesbez\u00fcglich beraten:<\/p>\n<p>\n<ul>\n<li>Monatliche Bearbeitung der L\u00f6hne<\/li>\n<li>Administrative Arbeiten bez\u00fcglich des Personalwesens (Vertr\u00e4ge, K\u00fcndigung, Absenzen usw.)<\/li>\n<li>Bearbeitung der Quellensteuer<\/li>\n<li>Beziehungen mit den verschiedenen Sozialversicherungen und Verwaltungen<\/li>\n<li>Versicherungssuche in Verbindung mit dem Personal<\/li>\n<li>Erstellung von Personal-Reglementen<\/li>\n<li>Erstellung eines Spesenreglements sowie entsprechende Genehmigung durch die Steuerbeh\u00f6rden<\/li>\n<li>Erstellung von Pl\u00e4nen f\u00fcr Beteiligungen von Mitarbeitern<\/li>\n<li>Beratung im Bereich Sozialversicherungen auf nationaler und grenz\u00fcberschreitender Ebene<\/li>\n<\/ul>\n<p>[\/et_pb_text][\/et_pb_column][\/et_pb_row][et_pb_row _builder_version=&#8220;4.19.0&#8243; _module_preset=&#8220;default&#8220; custom_margin=&#8220;||||false|false&#8220; custom_padding=&#8220;||100px||false|false&#8220; global_colors_info=&#8220;{}&#8220;][et_pb_column type=&#8220;4_4&#8243; _builder_version=&#8220;4.18.0&#8243; _module_preset=&#8220;default&#8220; global_colors_info=&#8220;{}&#8220;][et_pb_divider divider_weight=&#8220;2px&#8220; _builder_version=&#8220;4.19.0&#8243; _module_preset=&#8220;default&#8220; width=&#8220;10%&#8220; custom_margin=&#8220;||20px||false|false&#8220; custom_padding=&#8220;||||false|false&#8220; global_colors_info=&#8220;{}&#8220;][\/et_pb_divider][et_pb_text _builder_version=&#8220;4.20.2&#8243; _module_preset=&#8220;default&#8220; header_2_font=&#8220;Playfair Display||||||||&#8220; header_2_text_color=&#8220;gcid-f1db8d13-bf6b-4191-9254-c793e5a9dc87&#8243; header_2_font_size=&#8220;50px&#8220; custom_margin=&#8220;||20px||false|false&#8220; animation_style=&#8220;slide&#8220; animation_direction=&#8220;bottom&#8220; animation_duration=&#8220;750ms&#8220; global_colors_info=&#8220;{%22gcid-f1db8d13-bf6b-4191-9254-c793e5a9dc87%22:%91%22header_2_text_color%22,%22header_2_text_color%22%93}&#8220;]<\/p>\n<h2>Arbeitnehmende ohne beitragspflichtigen Arbeitgeber (ANobAG)<\/h2>\n<p>[\/et_pb_text][et_pb_text _builder_version=&#8220;4.20.2&#8243; _module_preset=&#8220;default&#8220; text_font=&#8220;||||||||&#8220; text_text_color=&#8220;gcid-f1db8d13-bf6b-4191-9254-c793e5a9dc87&#8243; text_font_size=&#8220;21px&#8220; text_line_height=&#8220;1.8em&#8220; ul_line_height=&#8220;1.5em&#8220; max_width=&#8220;1000px&#8220; animation_style=&#8220;slide&#8220; animation_direction=&#8220;bottom&#8220; global_colors_info=&#8220;{%22gcid-f1db8d13-bf6b-4191-9254-c793e5a9dc87%22:%91%22text_text_color%22%93}&#8220;]<\/p>\n<p>Als Arbeitnehmende ohne beitragspflichtigen Arbeitgeber (ANobAG) gelten Personen mit Arbeitsort in der Schweiz, die f\u00fcr einen nicht beitragspflichtigen Arbeitgeber arbeiten. Der Arbeitgebende hat keinen Sitz oder Betriebsst\u00e4tte in der Schweiz und ist von der Beitragspflicht befreit. Dank unserer Erfahrung und unserem Fachwissen unterst\u00fctzen wir Sie dabei, die optimalen L\u00f6sungen f\u00fcr die Organisation Ihrer Arbeitsverh\u00e4ltnisse und der dazugeh\u00f6rigen administrativen Aufgaben zu finden. Vertrauen Sie auf unsere Expertise und sichern Sie sich eine reibungslose Abwicklung Ihrer Pflichten.<\/p>\n<ul><\/ul>\n<p>[\/et_pb_text][\/et_pb_column][\/et_pb_row][et_pb_row _builder_version=&#8220;4.19.0&#8243; _module_preset=&#8220;default&#8220; custom_margin=&#8220;||||false|false&#8220; custom_padding=&#8220;||100px||false|false&#8220; global_colors_info=&#8220;{}&#8220;][et_pb_column type=&#8220;4_4&#8243; _builder_version=&#8220;4.18.0&#8243; _module_preset=&#8220;default&#8220; global_colors_info=&#8220;{}&#8220;][et_pb_divider divider_weight=&#8220;2px&#8220; _builder_version=&#8220;4.19.0&#8243; _module_preset=&#8220;default&#8220; width=&#8220;10%&#8220; custom_margin=&#8220;||20px||false|false&#8220; custom_padding=&#8220;||||false|false&#8220; global_colors_info=&#8220;{}&#8220;][\/et_pb_divider][et_pb_text content_tablet=&#8220;<\/p>\n<h2>Outsourcing und Stellvertretung<\/h2>\n<p>&#8220; content_phone=&#8220;<\/p>\n<h2>Outsourcing und<br \/>Stellvertretung<\/h2>\n<p>&#8220; content_last_edited=&#8220;on|phone&#8220; _builder_version=&#8220;4.20.2&#8243; _module_preset=&#8220;default&#8220; header_2_font=&#8220;Playfair Display||||||||&#8220; header_2_text_color=&#8220;gcid-f1db8d13-bf6b-4191-9254-c793e5a9dc87&#8243; header_2_font_size=&#8220;50px&#8220; custom_margin=&#8220;||20px||false|false&#8220; animation_style=&#8220;slide&#8220; animation_direction=&#8220;bottom&#8220; animation_duration=&#8220;750ms&#8220; global_colors_info=&#8220;{%22gcid-f1db8d13-bf6b-4191-9254-c793e5a9dc87%22:%91%22header_2_text_color%22,%22header_2_text_color%22%93}&#8220;]<\/p>\n<h2>Outsourcing und Stellvertretung<\/h2>\n<p>[\/et_pb_text][et_pb_text _builder_version=&#8220;4.20.2&#8243; _module_preset=&#8220;default&#8220; text_font=&#8220;||||||||&#8220; text_text_color=&#8220;gcid-f1db8d13-bf6b-4191-9254-c793e5a9dc87&#8243; text_font_size=&#8220;21px&#8220; text_line_height=&#8220;1.8em&#8220; max_width=&#8220;1000px&#8220; animation_style=&#8220;slide&#8220; animation_direction=&#8220;bottom&#8220; global_colors_info=&#8220;{%22gcid-f1db8d13-bf6b-4191-9254-c793e5a9dc87%22:%91%22text_text_color%22%93}&#8220;]<\/p>\n<p>Sie k\u00f6nnen uns die Finanzfunktion Ihres Unternehmens \u00fcbertragen. Wir k\u00f6nnen Ihnen eine pers\u00f6nliche Unterst\u00fctzung vor Ort in den Bereichen Buchhaltung und Verwaltung garantieren. Wir bieten auch an, zeitweilig Ihr Personal zu vertreten und bei allf\u00e4lligen Arbeits\u00fcberlastungen Hilfe zu leisten.<\/p>\n<p>[\/et_pb_text][\/et_pb_column][\/et_pb_row][et_pb_row _builder_version=&#8220;4.19.0&#8243; _module_preset=&#8220;default&#8220; custom_margin=&#8220;||||false|false&#8220; custom_padding=&#8220;||100px||false|false&#8220; global_colors_info=&#8220;{}&#8220;][et_pb_column type=&#8220;4_4&#8243; _builder_version=&#8220;4.18.0&#8243; _module_preset=&#8220;default&#8220; global_colors_info=&#8220;{}&#8220;][et_pb_divider divider_weight=&#8220;2px&#8220; _builder_version=&#8220;4.19.0&#8243; _module_preset=&#8220;default&#8220; width=&#8220;10%&#8220; custom_margin=&#8220;||20px||false|false&#8220; custom_padding=&#8220;||||false|false&#8220; global_colors_info=&#8220;{}&#8220;][\/et_pb_divider][et_pb_text _builder_version=&#8220;4.20.2&#8243; _module_preset=&#8220;default&#8220; header_2_font=&#8220;Playfair Display||||||||&#8220; header_2_text_color=&#8220;gcid-f1db8d13-bf6b-4191-9254-c793e5a9dc87&#8243; header_2_font_size=&#8220;50px&#8220; custom_margin=&#8220;||20px||false|false&#8220; animation_style=&#8220;slide&#8220; animation_direction=&#8220;bottom&#8220; animation_duration=&#8220;750ms&#8220; global_colors_info=&#8220;{%22gcid-f1db8d13-bf6b-4191-9254-c793e5a9dc87%22:%91%22header_2_text_color%22,%22header_2_text_color%22%93}&#8220;]<\/p>\n<h2>Family office<\/h2>\n<p>[\/et_pb_text][et_pb_text _builder_version=&#8220;4.20.2&#8243; _module_preset=&#8220;default&#8220; text_font=&#8220;||||||||&#8220; text_text_color=&#8220;gcid-f1db8d13-bf6b-4191-9254-c793e5a9dc87&#8243; text_font_size=&#8220;21px&#8220; text_line_height=&#8220;1.8em&#8220; max_width=&#8220;1000px&#8220; animation_style=&#8220;slide&#8220; animation_direction=&#8220;bottom&#8220; global_colors_info=&#8220;{%22gcid-f1db8d13-bf6b-4191-9254-c793e5a9dc87%22:%91%22text_text_color%22%93}&#8220;]<\/p>\n<p>Wir beraten Sie bei der Entwicklung einer optimalen L\u00f6sung f\u00fcr die Bearbeitung und Verwaltung des Familienverm\u00f6gens.<\/p>\n<p>[\/et_pb_text][\/et_pb_column][\/et_pb_row][\/et_pb_section][et_pb_section fb_built=&#8220;1&#8243; _builder_version=&#8220;4.18.0&#8243; _module_preset=&#8220;default&#8220; custom_padding=&#8220;0px||0px||false|false&#8220; global_colors_info=&#8220;{}&#8220;][et_pb_row use_custom_gutter=&#8220;on&#8220; gutter_width=&#8220;1&#8243; make_equal=&#8220;on&#8220; _builder_version=&#8220;4.19.4&#8243; _module_preset=&#8220;default&#8220; width=&#8220;100%&#8220; max_width=&#8220;100%&#8220; min_height=&#8220;550px&#8220; min_height_tablet=&#8220;550px&#8220; min_height_phone=&#8220;250px&#8220; min_height_last_edited=&#8220;on|phone&#8220; custom_padding=&#8220;0px||0px||false|false&#8220; global_colors_info=&#8220;{}&#8220;][et_pb_column type=&#8220;4_4&#8243; _builder_version=&#8220;4.19.0&#8243; _module_preset=&#8220;default&#8220; background_enable_color=&#8220;off&#8220; background_image=&#8220;https:\/\/www.fidutrust.ch\/wp-content\/uploads\/2022\/11\/fidutrust_bureau_int_01.jpg&#8220; custom_css_main_element=&#8220;margin: auto;&#8220; global_colors_info=&#8220;{}&#8220;][et_pb_image _builder_version=&#8220;4.19.4&#8243; _module_preset=&#8220;default&#8220; background_color=&#8220;#FFFFFF&#8220; scroll_horizontal_motion_enable=&#8220;on&#8220; scroll_horizontal_motion=&#8220;0|50|50|100|0|0|-100&#8243; motion_trigger_start=&#8220;top&#8220; custom_css_main_element=&#8220;height: 550px!important;&#8220; global_colors_info=&#8220;{}&#8220; custom_css_main_element_last_edited=&#8220;on|phone&#8220; custom_css_main_element_phone=&#8220;height: 250px!important;||&#8220; custom_css_main_element_tablet=&#8220;height: 550px!important;&#8220;][\/et_pb_image][\/et_pb_column][\/et_pb_row][\/et_pb_section][et_pb_section fb_built=&#8220;1&#8243; custom_padding_last_edited=&#8220;on|phone&#8220; _builder_version=&#8220;4.19.4&#8243; _module_preset=&#8220;default&#8220; custom_padding=&#8220;100px||100px||true|false&#8220; custom_padding_tablet=&#8220;100px||100px||true|false&#8220; custom_padding_phone=&#8220;0px||0px||true|false&#8220; global_colors_info=&#8220;{}&#8220;][et_pb_row _builder_version=&#8220;4.18.0&#8243; _module_preset=&#8220;default&#8220; global_colors_info=&#8220;{}&#8220;][et_pb_column type=&#8220;4_4&#8243; _builder_version=&#8220;4.18.0&#8243; _module_preset=&#8220;default&#8220; global_colors_info=&#8220;{}&#8220;][et_pb_text _builder_version=&#8220;4.20.2&#8243; _module_preset=&#8220;default&#8220; header_2_font=&#8220;Playfair Display||||||||&#8220; header_2_text_color=&#8220;gcid-652588f0-05d2-4115-a097-bfa4fb94b905&#8243; header_2_font_size=&#8220;50px&#8220; header_2_line_height=&#8220;1.2em&#8220; custom_margin=&#8220;||20px||false|false&#8220; animation_style=&#8220;slide&#8220; animation_direction=&#8220;bottom&#8220; animation_duration=&#8220;750ms&#8220; header_2_font_size_tablet=&#8220;50px&#8220; header_2_font_size_phone=&#8220;35px&#8220; header_2_font_size_last_edited=&#8220;on|phone&#8220; global_colors_info=&#8220;{%22gcid-652588f0-05d2-4115-a097-bfa4fb94b905%22:%91%22header_2_text_color%22%93}&#8220;]<\/p>\n<h2 style=\"text-align: center;\"><span style=\"color: #808b93;\">Unsere Aktion\u00e4re sind die leitenden Mitarbeiter.<\/span><br \/>Damit ist und bleibt die Unabh\u00e4ngigkeit gew\u00e4hrleistet.<\/h2>\n<p>[\/et_pb_text][et_pb_button button_url=&#8220;@ET-DC@eyJkeW5hbWljIjp0cnVlLCJjb250ZW50IjoicG9zdF9saW5rX3VybF9wYWdlIiwic2V0dGluZ3MiOnsicG9zdF9pZCI6IjM2NiJ9fQ==@&#8220; button_text=&#8220;Unsere Experten&#8220; button_alignment=&#8220;center&#8220; _builder_version=&#8220;4.19.0&#8243; _dynamic_attributes=&#8220;button_url&#8220; _module_preset=&#8220;default&#8220; custom_button=&#8220;on&#8220; button_text_size=&#8220;16px&#8220; button_border_width=&#8220;0px&#8220; button_border_radius=&#8220;0px&#8220; button_icon=&#8220;&#x24;||divi||400&#8243; button_on_hover=&#8220;off&#8220; custom_padding=&#8220;20px|0px||0px|false|false&#8220; animation_style=&#8220;slide&#8220; animation_direction=&#8220;bottom&#8220; global_colors_info=&#8220;{%22gcid-f1db8d13-bf6b-4191-9254-c793e5a9dc87%22:%91%22button_text_color__hover%22%93}&#8220; button_text_color__hover_enabled=&#8220;on|hover&#8220; button_text_color__hover=&#8220;#757575&#8243; button_bg_color__hover_enabled=&#8220;on|desktop&#8220; button_bg_color__hover=&#8220;RGBA(255,255,255,0)&#8220; button_bg_enable_color__hover=&#8220;on&#8220;][\/et_pb_button][\/et_pb_column][\/et_pb_row][\/et_pb_section]<\/p>\n","protected":false},"excerpt":{"rendered":"<p>UnternehmensberatungMit unserer innovativen und leistungsstarken Beratung erleichtern wir Ihnen die Bew\u00e4ltigung der t\u00e4glichen Herausforderungen in Ihrem Unternehmen.Mit Erfahrung und unserem Fachwissen erm\u00f6glichen wir Ihnen, die optimale L\u00f6sung f\u00fcr die Organisation Ihres Unternehmens und Ihrer Finanzabteilung zu finden.Eine umfassende Beratung und die auf Ihre spezifischen Bed\u00fcrfnisse abgestimmten L\u00f6sungen erm\u00f6glichen es Ihnen, m\u00f6gliche Schwachstellen zu erkennen und [&hellip;]<\/p>\n","protected":false},"author":1,"featured_media":0,"parent":0,"menu_order":0,"comment_status":"closed","ping_status":"closed","template":"","meta":{"_et_pb_use_builder":"on","_et_pb_old_content":"","_et_gb_content_width":"","inline_featured_image":false,"footnotes":""},"class_list":["post-1053","page","type-page","status-publish","hentry"],"jetpack_sharing_enabled":true,"_links":{"self":[{"href":"https:\/\/www.fidutrust.ch\/de\/wp-json\/wp\/v2\/pages\/1053","targetHints":{"allow":["GET"]}}],"collection":[{"href":"https:\/\/www.fidutrust.ch\/de\/wp-json\/wp\/v2\/pages"}],"about":[{"href":"https:\/\/www.fidutrust.ch\/de\/wp-json\/wp\/v2\/types\/page"}],"author":[{"embeddable":true,"href":"https:\/\/www.fidutrust.ch\/de\/wp-json\/wp\/v2\/users\/1"}],"replies":[{"embeddable":true,"href":"https:\/\/www.fidutrust.ch\/de\/wp-json\/wp\/v2\/comments?post=1053"}],"version-history":[{"count":10,"href":"https:\/\/www.fidutrust.ch\/de\/wp-json\/wp\/v2\/pages\/1053\/revisions"}],"predecessor-version":[{"id":1887,"href":"https:\/\/www.fidutrust.ch\/de\/wp-json\/wp\/v2\/pages\/1053\/revisions\/1887"}],"wp:attachment":[{"href":"https:\/\/www.fidutrust.ch\/de\/wp-json\/wp\/v2\/media?parent=1053"}],"curies":[{"name":"wp","href":"https:\/\/api.w.org\/{rel}","templated":true}]}}